{"id":81705,"date":"2024-08-04T18:18:57","date_gmt":"2024-08-04T16:18:57","guid":{"rendered":"https:\/\/www.pedulianak.org\/?page_id=81705"},"modified":"2025-08-26T04:03:53","modified_gmt":"2025-08-26T02:03:53","slug":"founders","status":"publish","type":"page","link":"https:\/\/www.pedulianak.org\/fr\/founders\/","title":{"rendered":"Les Fondateurs"},"content":{"rendered":"<p><strong>Chaim Fetter<\/strong><\/p>\n<p>Chaim, entrepreneur social n\u00e9erlandais, philanthrope et chercheur en psychologie, avec des racines familiales en Indon\u00e9sie \u2014 o\u00f9 ses grands-parents et son p\u00e8re sont n\u00e9s \u2014 a entrepris son parcours entrepreneurial \u00e0 l\u2019\u00e2ge de six ans et a fond\u00e9 sa premi\u00e8re entreprise d\u2019e-commerce \u00e0 dix-sept ans. Motiv\u00e9 par une visite en Indon\u00e9sie et un profond engagement envers l\u2019impact social, il a cofond\u00e9 la Fondation Peduli Anak en 2006. Par la suite, en r\u00e9orientant son attention vers les projets informatiques, Chaim a lanc\u00e9 Jualo.com, une plateforme de march\u00e9 en ligne de premier plan en Indon\u00e9sie, qu\u2019il a ensuite vendue \u00e0 Carro Singapore.<\/p>\n<p><strong>Bj\u00f8rn Dudok van Heel<\/strong><\/p>\n<p>Bj\u00f8rn est un entrepreneur en s\u00e9rie, anim\u00e9 par la passion de cr\u00e9er des ponts entre les cultures. Au-del\u00e0 de la Fondation Peduli Anak, il a fond\u00e9 diverses entreprises de consommation \u00e0 travers l\u2019Asie \u00e9mergente. Titulaire de dipl\u00f4mes en droit et en gestion, Bj\u00f8rn est activement impliqu\u00e9 dans les r\u00e9seaux dynamiques (d\u2019anciens \u00e9l\u00e8ves) de la Harvard Business School et du YPO. Il occupe \u00e9galement le poste de vice-pr\u00e9sident du Harvard Business School Club pour la r\u00e9gion du Golfe, qui comprend les \u00c9mirats arabes unis, l\u2019Arabie saoudite, le Kowe\u00eft, le Qatar, Bahre\u00efn et Oman.<\/p>\n<p><strong>Martina Natratilova<\/strong><\/p>\n<p>Directrice exp\u00e9riment\u00e9e des ressources humaines, m\u00e8re d\u2019accueil et titulaire d\u2019un master en anglais, passionn\u00e9e par l\u2019autonomisation des enfants issus de milieux d\u00e9favoris\u00e9s afin qu\u2019ils puissent r\u00e9aliser leurs r\u00eaves. \u00c9galement professeure de yoga et sp\u00e9cialiste de l\u2019\u00e9ducation, comp\u00e9tente en gestion d\u2019organisations \u00e0 but non lucratif, en traduction, en publications, en enseignement primaire, en coordination de b\u00e9n\u00e9voles et en r\u00e9daction de propositions.<\/p>\n<p><strong>Agus Mulyono<\/strong><\/p>\n<p>Avocat et entrepreneur d\u00e9vou\u00e9, Agus (Indon\u00e9sien) poss\u00e8de plus de 15 ans d\u2019exp\u00e9rience dans la conception et la mise en \u0153uvre de plans de projet pour diverses entreprises commerciales et organisations caritatives \u00e0 travers les r\u00e9gions rurales de l\u2019Indon\u00e9sie. Il est titulaire d\u2019une licence en droit (LLB) de l\u2019Universit\u00e9 UNIZAR de Mataram.<\/p>","protected":false},"excerpt":{"rendered":"<p>Chaim Fetter Chaim, entrepreneur social n\u00e9erlandais, philanthrope et chercheur en psychologie, avec des racines familiales en Indon\u00e9sie \u2014 o\u00f9 ses grands-parents et son p\u00e8re sont n\u00e9s \u2014 a entrepris son parcours entrepreneurial \u00e0 l\u2019\u00e2ge de six ans et a fond\u00e9 sa premi\u00e8re entreprise d\u2019e-commerce \u00e0 dix-sept ans. Motiv\u00e9 par une visite en Indon\u00e9sie et un [&hellip;]<\/p>\n","protected":false},"author":1357,"featured_media":0,"parent":0,"menu_order":0,"comment_status":"closed","ping_status":"closed","template":"template-founders.php","meta":{"footnotes":""},"class_list":["post-81705","page","type-page","status-publish","hentry"],"yoast_head":"<!-- This site is optimized with the Yoast SEO plugin v23.9 - https:\/\/yoast.com\/wordpress\/plugins\/seo\/ -->\n<title>Les Fondateurs<\/title>\n<meta name=\"robots\" content=\"index, follow, max-snippet:-1, max-image-preview:large, max-video-preview:-1\" \/>\n<link rel=\"canonical\" href=\"https:\/\/www.pedulianak.org\/founders\/\" \/>\n<meta property=\"og:locale\" content=\"fr_FR\" \/>\n<meta property=\"og:type\" content=\"article\" \/>\n<meta property=\"og:title\" content=\"[:en]Founders[:id]Pendiri[:fr]Les Fondateurs[:]\" \/>\n<meta property=\"og:description\" content=\"Chaim Fetter Chaim, entrepreneur social n\u00e9erlandais, philanthrope et chercheur en psychologie, avec des racines familiales en Indon\u00e9sie \u2014 o\u00f9 ses grands-parents et son p\u00e8re sont n\u00e9s \u2014 a entrepris son parcours entrepreneurial \u00e0 l\u2019\u00e2ge de six ans et a fond\u00e9 sa premi\u00e8re entreprise d\u2019e-commerce \u00e0 dix-sept ans. Motiv\u00e9 par une visite en Indon\u00e9sie et un [&hellip;]\" \/>\n<meta property=\"og:url\" content=\"https:\/\/www.pedulianak.org\/founders\/\" \/>\n<meta property=\"og:site_name\" content=\"Peduli Anak Foundation\" \/>\n<meta property=\"article:modified_time\" content=\"2025-08-26T02:03:53+00:00\" \/>\n<meta name=\"twitter:card\" content=\"summary_large_image\" \/>\n<meta name=\"twitter:label1\" content=\"Dur\u00e9e de lecture estim\u00e9e\" \/>\n\t<meta name=\"twitter:data1\" content=\"3 minutes\" \/>\n<script type=\"application\/ld+json\" class=\"yoast-schema-graph\">{\"@context\":\"https:\/\/schema.org\",\"@graph\":[{\"@type\":\"WebPage\",\"@id\":\"https:\/\/www.pedulianak.org\/founders\/\",\"url\":\"https:\/\/www.pedulianak.org\/founders\/\",\"name\":\"[:en]Founders[:id]Pendiri[:fr]Les Fondateurs[:]\",\"isPartOf\":{\"@id\":\"https:\/\/www.pedulianak.org\/id\/#website\"},\"datePublished\":\"2024-08-04T16:18:57+00:00\",\"dateModified\":\"2025-08-26T02:03:53+00:00\",\"breadcrumb\":{\"@id\":\"https:\/\/www.pedulianak.org\/founders\/#breadcrumb\"},\"inLanguage\":\"fr-FR\",\"potentialAction\":[{\"@type\":\"ReadAction\",\"target\":[\"https:\/\/www.pedulianak.org\/founders\/\"]}]},{\"@type\":\"BreadcrumbList\",\"@id\":\"https:\/\/www.pedulianak.org\/founders\/#breadcrumb\",\"itemListElement\":[{\"@type\":\"ListItem\",\"position\":1,\"name\":\"Home\",\"item\":\"https:\/\/www.pedulianak.org\/\"},{\"@type\":\"ListItem\",\"position\":2,\"name\":\"Founders\"}]},{\"@type\":\"WebSite\",\"@id\":\"https:\/\/www.pedulianak.org\/id\/#website\",\"url\":\"https:\/\/www.pedulianak.org\/id\/\",\"name\":\"Peduli Anak Foundation\",\"description\":\"\",\"publisher\":{\"@id\":\"https:\/\/www.pedulianak.org\/id\/#organization\"},\"potentialAction\":[{\"@type\":\"SearchAction\",\"target\":{\"@type\":\"EntryPoint\",\"urlTemplate\":\"https:\/\/www.pedulianak.org\/id\/?s={search_term_string}\"},\"query-input\":{\"@type\":\"PropertyValueSpecification\",\"valueRequired\":true,\"valueName\":\"search_term_string\"}}],\"inLanguage\":\"fr-FR\"},{\"@type\":\"Organization\",\"@id\":\"https:\/\/www.pedulianak.org\/id\/#organization\",\"name\":\"Yayasan Peduli Anak\",\"url\":\"https:\/\/www.pedulianak.org\/id\/\",\"logo\":{\"@type\":\"ImageObject\",\"inLanguage\":\"fr-FR\",\"@id\":\"https:\/\/www.pedulianak.org\/id\/#\/schema\/logo\/image\/\",\"url\":\"https:\/\/www.pedulianak.org\/wp-content\/uploads\/2019\/04\/logo.png\",\"contentUrl\":\"https:\/\/www.pedulianak.org\/wp-content\/uploads\/2019\/04\/logo.png\",\"width\":385,\"height\":110,\"caption\":\"Yayasan Peduli Anak\"},\"image\":{\"@id\":\"https:\/\/www.pedulianak.org\/id\/#\/schema\/logo\/image\/\"}}]}<\/script>\n<!-- \/ Yoast SEO plugin. -->","yoast_head_json":{"title":"[:en]Founders[:id]Pendiri[:fr]Les Fondateurs[:]","robots":{"index":"index","follow":"follow","max-snippet":"max-snippet:-1","max-image-preview":"max-image-preview:large","max-video-preview":"max-video-preview:-1"},"canonical":"https:\/\/www.pedulianak.org\/founders\/","og_locale":"fr_FR","og_type":"article","og_title":"[:en]Founders[:id]Pendiri[:fr]Les Fondateurs[:]","og_description":"Chaim Fetter Chaim, entrepreneur social n\u00e9erlandais, philanthrope et chercheur en psychologie, avec des racines familiales en Indon\u00e9sie \u2014 o\u00f9 ses grands-parents et son p\u00e8re sont n\u00e9s \u2014 a entrepris son parcours entrepreneurial \u00e0 l\u2019\u00e2ge de six ans et a fond\u00e9 sa premi\u00e8re entreprise d\u2019e-commerce \u00e0 dix-sept ans. Motiv\u00e9 par une visite en Indon\u00e9sie et un [&hellip;]","og_url":"https:\/\/www.pedulianak.org\/founders\/","og_site_name":"Peduli Anak Foundation","article_modified_time":"2025-08-26T02:03:53+00:00","twitter_card":"summary_large_image","twitter_misc":{"Dur\u00e9e de lecture estim\u00e9e":"3 minutes"},"schema":{"@context":"https:\/\/schema.org","@graph":[{"@type":"WebPage","@id":"https:\/\/www.pedulianak.org\/founders\/","url":"https:\/\/www.pedulianak.org\/founders\/","name":"[:en]Founders[:id]Pendiri[:fr]Les Fondateurs[:]","isPartOf":{"@id":"https:\/\/www.pedulianak.org\/id\/#website"},"datePublished":"2024-08-04T16:18:57+00:00","dateModified":"2025-08-26T02:03:53+00:00","breadcrumb":{"@id":"https:\/\/www.pedulianak.org\/founders\/#breadcrumb"},"inLanguage":"fr-FR","potentialAction":[{"@type":"ReadAction","target":["https:\/\/www.pedulianak.org\/founders\/"]}]},{"@type":"BreadcrumbList","@id":"https:\/\/www.pedulianak.org\/founders\/#breadcrumb","itemListElement":[{"@type":"ListItem","position":1,"name":"Home","item":"https:\/\/www.pedulianak.org\/"},{"@type":"ListItem","position":2,"name":"Founders"}]},{"@type":"WebSite","@id":"https:\/\/www.pedulianak.org\/id\/#website","url":"https:\/\/www.pedulianak.org\/id\/","name":"Peduli Anak Foundation","description":"","publisher":{"@id":"https:\/\/www.pedulianak.org\/id\/#organization"},"potentialAction":[{"@type":"SearchAction","target":{"@type":"EntryPoint","urlTemplate":"https:\/\/www.pedulianak.org\/id\/?s={search_term_string}"},"query-input":{"@type":"PropertyValueSpecification","valueRequired":true,"valueName":"search_term_string"}}],"inLanguage":"fr-FR"},{"@type":"Organization","@id":"https:\/\/www.pedulianak.org\/id\/#organization","name":"Yayasan Peduli Anak","url":"https:\/\/www.pedulianak.org\/id\/","logo":{"@type":"ImageObject","inLanguage":"fr-FR","@id":"https:\/\/www.pedulianak.org\/id\/#\/schema\/logo\/image\/","url":"https:\/\/www.pedulianak.org\/wp-content\/uploads\/2019\/04\/logo.png","contentUrl":"https:\/\/www.pedulianak.org\/wp-content\/uploads\/2019\/04\/logo.png","width":385,"height":110,"caption":"Yayasan Peduli Anak"},"image":{"@id":"https:\/\/www.pedulianak.org\/id\/#\/schema\/logo\/image\/"}}]}},"_links":{"self":[{"href":"https:\/\/www.pedulianak.org\/fr\/wp-json\/wp\/v2\/pages\/81705","targetHints":{"allow":["GET"]}}],"collection":[{"href":"https:\/\/www.pedulianak.org\/fr\/wp-json\/wp\/v2\/pages"}],"about":[{"href":"https:\/\/www.pedulianak.org\/fr\/wp-json\/wp\/v2\/types\/page"}],"author":[{"embeddable":true,"href":"https:\/\/www.pedulianak.org\/fr\/wp-json\/wp\/v2\/users\/1357"}],"replies":[{"embeddable":true,"href":"https:\/\/www.pedulianak.org\/fr\/wp-json\/wp\/v2\/comments?post=81705"}],"version-history":[{"count":2,"href":"https:\/\/www.pedulianak.org\/fr\/wp-json\/wp\/v2\/pages\/81705\/revisions"}],"predecessor-version":[{"id":106493,"href":"https:\/\/www.pedulianak.org\/fr\/wp-json\/wp\/v2\/pages\/81705\/revisions\/106493"}],"wp:attachment":[{"href":"https:\/\/www.pedulianak.org\/fr\/wp-json\/wp\/v2\/media?parent=81705"}],"curies":[{"name":"wp","href":"https:\/\/api.w.org\/{rel}","templated":true}]}}