{"id":81702,"date":"2024-08-04T18:18:03","date_gmt":"2024-08-04T16:18:03","guid":{"rendered":"https:\/\/www.pedulianak.org\/?page_id=81702"},"modified":"2025-08-26T05:23:28","modified_gmt":"2025-08-26T03:23:28","slug":"multimedia-content","status":"publish","type":"page","link":"https:\/\/www.pedulianak.org\/fr\/multimedia-content\/","title":{"rendered":"Contenus Multim\u00e9dia"},"content":{"rendered":"<p><article class=\"blog anim-section animate blog-award\">\r\n    <div class=\"row card-content\">\r\n       <div class=\"col-xs-12 col-md-6 card-content-img\">\r\n          <h2 class=\"h1 visible-xs\">Kick Andy Heroes Award<\/h2>  \r\n          <section class=\"img-slider flex-slide flexslider\">\r\n            <div class=\"video-container\" id=\"video-container\">\r\n                <img decoding=\"async\" loading=\"lazy\" id=\"image-thumbnail\" src=\"https:\/\/img.youtube.com\/vi\/bcPb1PqKmEI\/hqdefault.jpg\" alt=\"Video Thumbnail\">\r\n                <button class=\"play-button\" aria-label=\"Play\"><\/button>\r\n                <iframe loading=\"lazy\" width=\"560\" height=\"375\" src=\"https:\/\/www.youtube.com\/embed\/bcPb1PqKmEI\" title=\"Chaim Fetter (Founder) &amp; Team of Peduli Anak Foundation being recognised in Kick Andy Heroes 2021\" frameborder=\"0\" allow=\"accelerometer; autoplay; clipboard-write; encrypted-media; gyroscope; picture-in-picture; web-share\" allowfullscreen allow=\"autoplay\"><\/iframe>\r\n            <\/div> \r\n          <\/section>\r\n       <\/div>\r\n       <div class=\"col-xs-12 col-md-6 card-content-text\" >\r\n          <h2 class=\"h1 hidden-xs\">Kick Andy Heroes Award<\/h2>\r\n          <\/p>\n<p>Le 28 mars 2021, Peduli Anak et son fondateur, Chaim Fetter, ont re\u00e7u le prestigieux prix #kickandyheroes2021 de l\u2019\u00e9mission KICK ANDY SHOW. Cet \u00e9v\u00e9nement c\u00e9l\u00e8bre des personnes et des organisations inspirantes qui se consacrent \u00e0 aider les autres. \u00c0 travers Peduli Anak, Chaim Fetter a soutenu de nombreux enfants d\u00e9favoris\u00e9s \u00e0 Lombok et leur a \u00e9galement offert une \u00e9ducation appropri\u00e9e.<\/p>\n<p>Depuis 2005, Peduli Anak et son fondateur ont r\u00e9ussi \u00e0 aider des milliers d\u2019enfants. Aujourd\u2019hui, plus d\u2019une centaine d\u2019enfants vivent sur le campus de Peduli Anak. Ils viennent d\u2019horizons divers et b\u00e9n\u00e9ficient d\u2019un lieu s\u00fbr pour vivre ainsi que de la possibilit\u00e9 de commencer ou de poursuivre leur scolarit\u00e9.<\/p>\n<p>\r\n       <\/div>\r\n    <\/div>\r\n <\/article><br \/>\n<article class=\"blog anim-section animate blog-award\">\r\n    <div class=\"row card-content\">\r\n       <div class=\"col-xs-12 col-md-6 card-content-img\">\r\n          <h2 class=\"h1 visible-xs\">The Lone Child - The Story of 11-year-old Riki abandoned in Sumbawa<\/h2>  \r\n          <section class=\"img-slider flex-slide flexslider\">\r\n            <div class=\"video-container\" id=\"video-container\">\r\n                <img decoding=\"async\" loading=\"lazy\" id=\"image-thumbnail\" src=\"https:\/\/img.youtube.com\/vi\/Zr3T-x9sly4\/hqdefault.jpg\" alt=\"Video Thumbnail\">\r\n                <button class=\"play-button\" aria-label=\"Play\"><\/button>\r\n                <iframe loading=\"lazy\" width=\"560\" height=\"375\" src=\"https:\/\/www.youtube.com\/embed\/Zr3T-x9sly4\" title=\"Chaim Fetter (Founder) &amp; Team of Peduli Anak Foundation being recognised in Kick Andy Heroes 2021\" frameborder=\"0\" allow=\"accelerometer; autoplay; clipboard-write; encrypted-media; gyroscope; picture-in-picture; web-share\" allowfullscreen allow=\"autoplay\"><\/iframe>\r\n            <\/div> \r\n          <\/section>\r\n       <\/div>\r\n       <div class=\"col-xs-12 col-md-6 card-content-text\" >\r\n          <h2 class=\"h1 hidden-xs\">The Lone Child - The Story of 11-year-old Riki abandoned in Sumbawa<\/h2>\r\n          <\/p>\n<p>Voici l\u2019histoire de Riki, un gar\u00e7on \u00e2g\u00e9 de seulement 11 ans. Pourtant, il doit pers\u00e9v\u00e9rer et lutter seul, m\u00eame \u00e0 un si jeune \u00e2ge. Il se retrouve isol\u00e9 apr\u00e8s la s\u00e9paration de ses parents en raison de difficult\u00e9s \u00e9conomiques. Pour survivre, Riki compte sur la gentillesse des voisins de son village. M\u00eame face aux dures r\u00e9alit\u00e9s de la vie, sa passion pour l\u2019apprentissage reste intacte. Il aspire \u00e0 poursuivre ses \u00e9tudes et \u00e0 devenir m\u00e9decin afin d\u2019aider les autres. La d\u00e9termination in\u00e9branlable de Riki l\u2019a conduit \u00e0 \u00eatre accueilli pour vivre et \u00e9tudier \u00e0 la Yayasan Peduli Anak, lui permettant ainsi de poursuivre ses r\u00eaves.<\/p>\n<p>\r\n       <\/div>\r\n    <\/div>\r\n <\/article><\/p>","protected":false},"excerpt":{"rendered":"","protected":false},"author":1357,"featured_media":0,"parent":0,"menu_order":0,"comment_status":"closed","ping_status":"closed","template":"template-award.php","meta":{"footnotes":""},"class_list":["post-81702","page","type-page","status-publish","hentry"],"yoast_head":"<!-- This site is optimized with the Yoast SEO plugin v23.9 - https:\/\/yoast.com\/wordpress\/plugins\/seo\/ -->\n<title>Contenus Multim\u00e9dia<\/title>\n<meta name=\"robots\" content=\"index, follow, max-snippet:-1, max-image-preview:large, max-video-preview:-1\" \/>\n<link rel=\"canonical\" href=\"https:\/\/www.pedulianak.org\/multimedia-content\/\" \/>\n<meta property=\"og:locale\" content=\"fr_FR\" \/>\n<meta property=\"og:type\" content=\"article\" \/>\n<meta property=\"og:title\" content=\"[:en]Multimedia Content[:id]Konten Multimedia[:fr]Contenus Multim\u00e9dia[:]\" \/>\n<meta property=\"og:url\" content=\"https:\/\/www.pedulianak.org\/multimedia-content\/\" \/>\n<meta property=\"og:site_name\" content=\"Peduli Anak Foundation\" \/>\n<meta property=\"article:modified_time\" content=\"2025-08-26T03:23:28+00:00\" \/>\n<meta name=\"twitter:card\" content=\"summary_large_image\" \/>\n<meta name=\"twitter:label1\" content=\"Dur\u00e9e de lecture estim\u00e9e\" \/>\n\t<meta name=\"twitter:data1\" content=\"3 minutes\" \/>\n<script type=\"application\/ld+json\" class=\"yoast-schema-graph\">{\"@context\":\"https:\/\/schema.org\",\"@graph\":[{\"@type\":\"WebPage\",\"@id\":\"https:\/\/www.pedulianak.org\/multimedia-content\/\",\"url\":\"https:\/\/www.pedulianak.org\/multimedia-content\/\",\"name\":\"[:en]Multimedia Content[:id]Konten Multimedia[:fr]Contenus Multim\u00e9dia[:]\",\"isPartOf\":{\"@id\":\"https:\/\/www.pedulianak.org\/id\/#website\"},\"datePublished\":\"2024-08-04T16:18:03+00:00\",\"dateModified\":\"2025-08-26T03:23:28+00:00\",\"breadcrumb\":{\"@id\":\"https:\/\/www.pedulianak.org\/multimedia-content\/#breadcrumb\"},\"inLanguage\":\"fr-FR\",\"potentialAction\":[{\"@type\":\"ReadAction\",\"target\":[\"https:\/\/www.pedulianak.org\/multimedia-content\/\"]}]},{\"@type\":\"BreadcrumbList\",\"@id\":\"https:\/\/www.pedulianak.org\/multimedia-content\/#breadcrumb\",\"itemListElement\":[{\"@type\":\"ListItem\",\"position\":1,\"name\":\"Home\",\"item\":\"https:\/\/www.pedulianak.org\/\"},{\"@type\":\"ListItem\",\"position\":2,\"name\":\"Multimedia Content\"}]},{\"@type\":\"WebSite\",\"@id\":\"https:\/\/www.pedulianak.org\/id\/#website\",\"url\":\"https:\/\/www.pedulianak.org\/id\/\",\"name\":\"Peduli Anak Foundation\",\"description\":\"\",\"publisher\":{\"@id\":\"https:\/\/www.pedulianak.org\/id\/#organization\"},\"potentialAction\":[{\"@type\":\"SearchAction\",\"target\":{\"@type\":\"EntryPoint\",\"urlTemplate\":\"https:\/\/www.pedulianak.org\/id\/?s={search_term_string}\"},\"query-input\":{\"@type\":\"PropertyValueSpecification\",\"valueRequired\":true,\"valueName\":\"search_term_string\"}}],\"inLanguage\":\"fr-FR\"},{\"@type\":\"Organization\",\"@id\":\"https:\/\/www.pedulianak.org\/id\/#organization\",\"name\":\"Yayasan Peduli Anak\",\"url\":\"https:\/\/www.pedulianak.org\/id\/\",\"logo\":{\"@type\":\"ImageObject\",\"inLanguage\":\"fr-FR\",\"@id\":\"https:\/\/www.pedulianak.org\/id\/#\/schema\/logo\/image\/\",\"url\":\"https:\/\/www.pedulianak.org\/wp-content\/uploads\/2019\/04\/logo.png\",\"contentUrl\":\"https:\/\/www.pedulianak.org\/wp-content\/uploads\/2019\/04\/logo.png\",\"width\":385,\"height\":110,\"caption\":\"Yayasan Peduli Anak\"},\"image\":{\"@id\":\"https:\/\/www.pedulianak.org\/id\/#\/schema\/logo\/image\/\"}}]}<\/script>\n<!-- \/ Yoast SEO plugin. -->","yoast_head_json":{"title":"[:en]Multimedia Content[:id]Konten Multimedia[:fr]Contenus Multim\u00e9dia[:]","robots":{"index":"index","follow":"follow","max-snippet":"max-snippet:-1","max-image-preview":"max-image-preview:large","max-video-preview":"max-video-preview:-1"},"canonical":"https:\/\/www.pedulianak.org\/multimedia-content\/","og_locale":"fr_FR","og_type":"article","og_title":"[:en]Multimedia Content[:id]Konten Multimedia[:fr]Contenus Multim\u00e9dia[:]","og_url":"https:\/\/www.pedulianak.org\/multimedia-content\/","og_site_name":"Peduli Anak Foundation","article_modified_time":"2025-08-26T03:23:28+00:00","twitter_card":"summary_large_image","twitter_misc":{"Dur\u00e9e de lecture estim\u00e9e":"3 minutes"},"schema":{"@context":"https:\/\/schema.org","@graph":[{"@type":"WebPage","@id":"https:\/\/www.pedulianak.org\/multimedia-content\/","url":"https:\/\/www.pedulianak.org\/multimedia-content\/","name":"[:en]Multimedia Content[:id]Konten Multimedia[:fr]Contenus Multim\u00e9dia[:]","isPartOf":{"@id":"https:\/\/www.pedulianak.org\/id\/#website"},"datePublished":"2024-08-04T16:18:03+00:00","dateModified":"2025-08-26T03:23:28+00:00","breadcrumb":{"@id":"https:\/\/www.pedulianak.org\/multimedia-content\/#breadcrumb"},"inLanguage":"fr-FR","potentialAction":[{"@type":"ReadAction","target":["https:\/\/www.pedulianak.org\/multimedia-content\/"]}]},{"@type":"BreadcrumbList","@id":"https:\/\/www.pedulianak.org\/multimedia-content\/#breadcrumb","itemListElement":[{"@type":"ListItem","position":1,"name":"Home","item":"https:\/\/www.pedulianak.org\/"},{"@type":"ListItem","position":2,"name":"Multimedia Content"}]},{"@type":"WebSite","@id":"https:\/\/www.pedulianak.org\/id\/#website","url":"https:\/\/www.pedulianak.org\/id\/","name":"Peduli Anak Foundation","description":"","publisher":{"@id":"https:\/\/www.pedulianak.org\/id\/#organization"},"potentialAction":[{"@type":"SearchAction","target":{"@type":"EntryPoint","urlTemplate":"https:\/\/www.pedulianak.org\/id\/?s={search_term_string}"},"query-input":{"@type":"PropertyValueSpecification","valueRequired":true,"valueName":"search_term_string"}}],"inLanguage":"fr-FR"},{"@type":"Organization","@id":"https:\/\/www.pedulianak.org\/id\/#organization","name":"Yayasan Peduli Anak","url":"https:\/\/www.pedulianak.org\/id\/","logo":{"@type":"ImageObject","inLanguage":"fr-FR","@id":"https:\/\/www.pedulianak.org\/id\/#\/schema\/logo\/image\/","url":"https:\/\/www.pedulianak.org\/wp-content\/uploads\/2019\/04\/logo.png","contentUrl":"https:\/\/www.pedulianak.org\/wp-content\/uploads\/2019\/04\/logo.png","width":385,"height":110,"caption":"Yayasan Peduli Anak"},"image":{"@id":"https:\/\/www.pedulianak.org\/id\/#\/schema\/logo\/image\/"}}]}},"_links":{"self":[{"href":"https:\/\/www.pedulianak.org\/fr\/wp-json\/wp\/v2\/pages\/81702","targetHints":{"allow":["GET"]}}],"collection":[{"href":"https:\/\/www.pedulianak.org\/fr\/wp-json\/wp\/v2\/pages"}],"about":[{"href":"https:\/\/www.pedulianak.org\/fr\/wp-json\/wp\/v2\/types\/page"}],"author":[{"embeddable":true,"href":"https:\/\/www.pedulianak.org\/fr\/wp-json\/wp\/v2\/users\/1357"}],"replies":[{"embeddable":true,"href":"https:\/\/www.pedulianak.org\/fr\/wp-json\/wp\/v2\/comments?post=81702"}],"version-history":[{"count":7,"href":"https:\/\/www.pedulianak.org\/fr\/wp-json\/wp\/v2\/pages\/81702\/revisions"}],"predecessor-version":[{"id":106504,"href":"https:\/\/www.pedulianak.org\/fr\/wp-json\/wp\/v2\/pages\/81702\/revisions\/106504"}],"wp:attachment":[{"href":"https:\/\/www.pedulianak.org\/fr\/wp-json\/wp\/v2\/media?parent=81702"}],"curies":[{"name":"wp","href":"https:\/\/api.w.org\/{rel}","templated":true}]}}