{"id":27,"date":"2017-06-19T21:10:45","date_gmt":"2017-06-19T20:10:45","guid":{"rendered":"http:\/\/pedulianak.wiz-lab.com\/?page_id=27"},"modified":"2025-08-26T04:40:43","modified_gmt":"2025-08-26T02:40:43","slug":"management","status":"publish","type":"page","link":"https:\/\/www.pedulianak.org\/fr\/management\/","title":{"rendered":"Direction"},"content":{"rendered":"<p><strong>Peduli Anak Foundation \u2013 Netherlands Founding Team<\/strong><\/p>\n<p><strong>Chaim Fetter<\/strong><\/p>\n<p>Chaim, entrepreneur social n\u00e9erlandais, philanthrope et chercheur en psychologie, avec des racines familiales en Indon\u00e9sie \u2014 o\u00f9 ses grands-parents et son p\u00e8re sont n\u00e9s \u2014 a entrepris son parcours entrepreneurial \u00e0 l\u2019\u00e2ge de six ans et a fond\u00e9 sa premi\u00e8re entreprise d\u2019e-commerce \u00e0 dix-sept ans. Motiv\u00e9 par une visite en Indon\u00e9sie et un profond engagement envers l\u2019impact social, il a cofond\u00e9 la Fondation Peduli Anak en 2006. Par la suite, en r\u00e9orientant son attention vers les projets informatiques, Chaim a lanc\u00e9 Jualo.com, une plateforme de march\u00e9 en ligne de premier plan en Indon\u00e9sie, qu\u2019il a ensuite vendue \u00e0 Carro Singapore.<\/p>\n<p><strong>Bj\u00f8rn Dudok van Heel<\/strong><\/p>\n<p>Bj\u00f8rn est un entrepreneur en s\u00e9rie, anim\u00e9 par la passion de cr\u00e9er des ponts entre les cultures. Au-del\u00e0 de la Fondation Peduli Anak, il a fond\u00e9 diverses entreprises de consommation \u00e0 travers l\u2019Asie \u00e9mergente. Titulaire de dipl\u00f4mes en droit et en gestion, Bj\u00f8rn est activement impliqu\u00e9 dans les r\u00e9seaux dynamiques (d\u2019anciens \u00e9l\u00e8ves) de la Harvard Business School et du YPO. Il occupe \u00e9galement le poste de vice-pr\u00e9sident du Harvard Business School Club pour la r\u00e9gion du Golfe, qui comprend les \u00c9mirats arabes unis, l\u2019Arabie saoudite, le Kowe\u00eft, le Qatar, Bahre\u00efn et Oman.<\/p>\n<p><strong>Martina Natratilova<\/strong><\/p>\n<p>Directrice exp\u00e9riment\u00e9e des ressources humaines, m\u00e8re d\u2019accueil et titulaire d\u2019un master en anglais, passionn\u00e9e par l\u2019autonomisation des enfants issus de milieux d\u00e9favoris\u00e9s afin qu\u2019ils puissent r\u00e9aliser leurs r\u00eaves. \u00c9galement professeure de yoga et sp\u00e9cialiste de l\u2019\u00e9ducation, comp\u00e9tente en gestion d\u2019organisations \u00e0 but non lucratif, en traduction, en publications, en enseignement primaire, en coordination de b\u00e9n\u00e9voles et en r\u00e9daction de propositions.<\/p>\n<p><strong>Agus Mulyono<\/strong><\/p>\n<p>Avocat et entrepreneur d\u00e9vou\u00e9, Agus (Indon\u00e9sien) poss\u00e8de plus de 15 ans d\u2019exp\u00e9rience dans la conception et la mise en \u0153uvre de plans de projet pour diverses entreprises commerciales et organisations caritatives \u00e0 travers les r\u00e9gions rurales de l\u2019Indon\u00e9sie. Il est titulaire d\u2019une licence en droit (LLB) de l\u2019Universit\u00e9 UNIZAR de Mataram.<\/p>\n<p><strong>Board and Management<\/strong><\/p>\n<p><strong>Chaim Fetter &#8211; Director<\/strong><\/p>\n<p><strong>Taha Ben Mrad &#8211; Board Member<\/strong><\/p>\n<p>Apr\u00e8s une carri\u00e8re r\u00e9ussie d\u2019entrepreneur en s\u00e9rie, Taha concentre d\u00e9sormais son \u00e9nergie et ses ressources sur la construction d\u2019un mod\u00e8le vertueux o\u00f9 les b\u00e9n\u00e9fices g\u00e9n\u00e9r\u00e9s par des investissements en capital-risque dans des entreprises technologiques naissantes sont utilis\u00e9s pour financer des projets philanthropiques. Son cabinet d\u2019investissement, Seed4equity, est guid\u00e9 par la philosophie de maximiser les profits afin de g\u00e9n\u00e9rer un impact maximal, en se concentrant sur l\u2019aide aux enfants vuln\u00e9rables pour qu\u2019ils deviennent autonomes gr\u00e2ce \u00e0 l\u2019\u00e9ducation.<br \/>\nFormation : Taha est titulaire d\u2019une licence en \u00e9conomie, d\u2019un master en management ainsi que d\u2019un master of sciences en syst\u00e8mes d\u2019information de gestion de la Business School de l\u2019Universit\u00e9 de Lausanne.<\/p>\n<p><strong>Nicole Rose &#8211; Board Member<\/p>\n<p><\/strong>En tant que cadre financier ayant v\u00e9cu et travaill\u00e9 ces 14 derni\u00e8res ann\u00e9es dans plusieurs pays, Nicole apporte des connaissances financi\u00e8res et commerciales associ\u00e9es \u00e0 une exp\u00e9rience internationale et \u00e0 une passion pour l\u2019am\u00e9lioration de l\u2019avenir des enfants d\u00e9favoris\u00e9s gr\u00e2ce \u00e0 l\u2019acc\u00e8s \u00e0 l\u2019\u00e9ducation.<br \/>\nFormation : Master en \u00e9conomie (Universit\u00e9 de M\u00fcnster, Allemagne) et Licence en \u00e9conomie (Universit\u00e9 de Montpellier, France).<\/p>\n<p><strong>Remco Tel &#8211; Treasurer<\/p>\n<p><\/strong>Entrepreneur n\u00e9erlandais et propri\u00e9taire du cabinet d\u2019administration RT Administratiekantoor B.V. aux Pays-Bas.<br \/>\nFormation : \u00c9cole d\u2019\u00e9conomie et de gestion avec une sp\u00e9cialisation en fiscalit\u00e9.<\/p>\n<p><strong>Yayasan Peduli Anak &#8211; Indonesian Founding Team<\/strong><\/p>\n<p><strong>Chaim Fetter<\/strong><br \/>\n<strong>Agus Mulyono<\/strong><br \/>\n<strong>Martina Natratilova<\/strong><\/p>\n<p><strong>Board and Management<\/strong><\/p>\n<p><strong>Nurdiana &#8211; Executive Director<\/p>\n<p><\/strong>Nurdiana poss\u00e8de une vaste connaissance et une grande exp\u00e9rience dans le travail au sein d\u2019organisations humanitaires et de d\u00e9veloppement communautaire, avec plus de 11 ans d\u2019exp\u00e9rience aupr\u00e8s des enfants et dans la gestion d\u2019organisation.<br \/>\nFormation : Licence en litt\u00e9rature anglaise, Universit\u00e9 Andalas, Sumatra occidental.<\/p>\n<p><strong>Layla Virginia &#8211; Secretary<\/p>\n<p><\/strong>Ancienne enseignante d\u2019anglais et traductrice, Ella poss\u00e8de une exp\u00e9rience dans l\u2019\u00e9ducation, le travail avec les enfants et la communication.<br \/>\nFormation : Licence en anglais, formation des enseignants et sciences de l\u2019\u00e9ducation, Universit\u00e9 de Mataram, Nusa Tenggara occidental.<\/p>\n<p><strong>Syarifah &#8211; Treasurer<\/p>\n<p><\/strong>En tant que premi\u00e8re enfant de Peduli Anak \u00e0 obtenir un dipl\u00f4me universitaire, Syarifah est devenue un excellent mod\u00e8le pour les enfants de Peduli Anak. Elle met \u00e9galement \u00e0 profit ses connaissances en administration et en finance au sein du bureau de Peduli Anak.<br \/>\nFormation : Licence en administration publique, Universit\u00e9 Muhammadiyah de Mataram.<\/p>","protected":false},"excerpt":{"rendered":"<p>Peduli Anak Foundation \u2013 Netherlands Founding Team Chaim Fetter Chaim, entrepreneur social n\u00e9erlandais, philanthrope et chercheur en psychologie, avec des racines familiales en Indon\u00e9sie \u2014 o\u00f9 ses grands-parents et son p\u00e8re sont n\u00e9s \u2014 a entrepris son parcours entrepreneurial \u00e0 l\u2019\u00e2ge de six ans et a fond\u00e9 sa premi\u00e8re entreprise d\u2019e-commerce \u00e0 dix-sept ans. Motiv\u00e9 [&hellip;]<\/p>\n","protected":false},"author":1,"featured_media":0,"parent":0,"menu_order":0,"comment_status":"closed","ping_status":"closed","template":"template-founders.php","meta":{"footnotes":""},"class_list":["post-27","page","type-page","status-publish","hentry"],"yoast_head":"<!-- This site is optimized with the Yoast SEO plugin v23.9 - https:\/\/yoast.com\/wordpress\/plugins\/seo\/ -->\n<title>Direction<\/title>\n<meta name=\"robots\" content=\"index, follow, max-snippet:-1, max-image-preview:large, max-video-preview:-1\" \/>\n<link rel=\"canonical\" href=\"https:\/\/www.pedulianak.org\/management\/\" \/>\n<meta property=\"og:locale\" content=\"fr_FR\" \/>\n<meta property=\"og:type\" content=\"article\" \/>\n<meta property=\"og:title\" content=\"[:en]Management[:id]Management[:my]Management[:ae]Management[:nl]Management[:fr]Direction[:]\" \/>\n<meta property=\"og:description\" content=\"Peduli Anak Foundation \u2013 Netherlands Founding Team Chaim Fetter Chaim, entrepreneur social n\u00e9erlandais, philanthrope et chercheur en psychologie, avec des racines familiales en Indon\u00e9sie \u2014 o\u00f9 ses grands-parents et son p\u00e8re sont n\u00e9s \u2014 a entrepris son parcours entrepreneurial \u00e0 l\u2019\u00e2ge de six ans et a fond\u00e9 sa premi\u00e8re entreprise d\u2019e-commerce \u00e0 dix-sept ans. Motiv\u00e9 [&hellip;]\" \/>\n<meta property=\"og:url\" content=\"https:\/\/www.pedulianak.org\/management\/\" \/>\n<meta property=\"og:site_name\" content=\"Peduli Anak Foundation\" \/>\n<meta property=\"article:modified_time\" content=\"2025-08-26T02:40:43+00:00\" \/>\n<meta name=\"twitter:card\" content=\"summary_large_image\" \/>\n<meta name=\"twitter:label1\" content=\"Dur\u00e9e de lecture estim\u00e9e\" \/>\n\t<meta name=\"twitter:data1\" content=\"8 minutes\" \/>\n<script type=\"application\/ld+json\" class=\"yoast-schema-graph\">{\"@context\":\"https:\/\/schema.org\",\"@graph\":[{\"@type\":\"WebPage\",\"@id\":\"https:\/\/www.pedulianak.org\/management\/\",\"url\":\"https:\/\/www.pedulianak.org\/management\/\",\"name\":\"[:en]Management[:id]Management[:my]Management[:ae]Management[:nl]Management[:fr]Direction[:]\",\"isPartOf\":{\"@id\":\"https:\/\/www.pedulianak.org\/id\/#website\"},\"datePublished\":\"2017-06-19T20:10:45+00:00\",\"dateModified\":\"2025-08-26T02:40:43+00:00\",\"breadcrumb\":{\"@id\":\"https:\/\/www.pedulianak.org\/management\/#breadcrumb\"},\"inLanguage\":\"fr-FR\",\"potentialAction\":[{\"@type\":\"ReadAction\",\"target\":[\"https:\/\/www.pedulianak.org\/management\/\"]}]},{\"@type\":\"BreadcrumbList\",\"@id\":\"https:\/\/www.pedulianak.org\/management\/#breadcrumb\",\"itemListElement\":[{\"@type\":\"ListItem\",\"position\":1,\"name\":\"Home\",\"item\":\"https:\/\/www.pedulianak.org\/\"},{\"@type\":\"ListItem\",\"position\":2,\"name\":\"Management\"}]},{\"@type\":\"WebSite\",\"@id\":\"https:\/\/www.pedulianak.org\/id\/#website\",\"url\":\"https:\/\/www.pedulianak.org\/id\/\",\"name\":\"Peduli Anak Foundation\",\"description\":\"\",\"publisher\":{\"@id\":\"https:\/\/www.pedulianak.org\/id\/#organization\"},\"potentialAction\":[{\"@type\":\"SearchAction\",\"target\":{\"@type\":\"EntryPoint\",\"urlTemplate\":\"https:\/\/www.pedulianak.org\/id\/?s={search_term_string}\"},\"query-input\":{\"@type\":\"PropertyValueSpecification\",\"valueRequired\":true,\"valueName\":\"search_term_string\"}}],\"inLanguage\":\"fr-FR\"},{\"@type\":\"Organization\",\"@id\":\"https:\/\/www.pedulianak.org\/id\/#organization\",\"name\":\"Yayasan Peduli Anak\",\"url\":\"https:\/\/www.pedulianak.org\/id\/\",\"logo\":{\"@type\":\"ImageObject\",\"inLanguage\":\"fr-FR\",\"@id\":\"https:\/\/www.pedulianak.org\/id\/#\/schema\/logo\/image\/\",\"url\":\"https:\/\/www.pedulianak.org\/wp-content\/uploads\/2019\/04\/logo.png\",\"contentUrl\":\"https:\/\/www.pedulianak.org\/wp-content\/uploads\/2019\/04\/logo.png\",\"width\":385,\"height\":110,\"caption\":\"Yayasan Peduli Anak\"},\"image\":{\"@id\":\"https:\/\/www.pedulianak.org\/id\/#\/schema\/logo\/image\/\"}}]}<\/script>\n<!-- \/ Yoast SEO plugin. -->","yoast_head_json":{"title":"[:en]Management[:id]Management[:my]Management[:ae]Management[:nl]Management[:fr]Direction[:]","robots":{"index":"index","follow":"follow","max-snippet":"max-snippet:-1","max-image-preview":"max-image-preview:large","max-video-preview":"max-video-preview:-1"},"canonical":"https:\/\/www.pedulianak.org\/management\/","og_locale":"fr_FR","og_type":"article","og_title":"[:en]Management[:id]Management[:my]Management[:ae]Management[:nl]Management[:fr]Direction[:]","og_description":"Peduli Anak Foundation \u2013 Netherlands Founding Team Chaim Fetter Chaim, entrepreneur social n\u00e9erlandais, philanthrope et chercheur en psychologie, avec des racines familiales en Indon\u00e9sie \u2014 o\u00f9 ses grands-parents et son p\u00e8re sont n\u00e9s \u2014 a entrepris son parcours entrepreneurial \u00e0 l\u2019\u00e2ge de six ans et a fond\u00e9 sa premi\u00e8re entreprise d\u2019e-commerce \u00e0 dix-sept ans. Motiv\u00e9 [&hellip;]","og_url":"https:\/\/www.pedulianak.org\/management\/","og_site_name":"Peduli Anak Foundation","article_modified_time":"2025-08-26T02:40:43+00:00","twitter_card":"summary_large_image","twitter_misc":{"Dur\u00e9e de lecture estim\u00e9e":"8 minutes"},"schema":{"@context":"https:\/\/schema.org","@graph":[{"@type":"WebPage","@id":"https:\/\/www.pedulianak.org\/management\/","url":"https:\/\/www.pedulianak.org\/management\/","name":"[:en]Management[:id]Management[:my]Management[:ae]Management[:nl]Management[:fr]Direction[:]","isPartOf":{"@id":"https:\/\/www.pedulianak.org\/id\/#website"},"datePublished":"2017-06-19T20:10:45+00:00","dateModified":"2025-08-26T02:40:43+00:00","breadcrumb":{"@id":"https:\/\/www.pedulianak.org\/management\/#breadcrumb"},"inLanguage":"fr-FR","potentialAction":[{"@type":"ReadAction","target":["https:\/\/www.pedulianak.org\/management\/"]}]},{"@type":"BreadcrumbList","@id":"https:\/\/www.pedulianak.org\/management\/#breadcrumb","itemListElement":[{"@type":"ListItem","position":1,"name":"Home","item":"https:\/\/www.pedulianak.org\/"},{"@type":"ListItem","position":2,"name":"Management"}]},{"@type":"WebSite","@id":"https:\/\/www.pedulianak.org\/id\/#website","url":"https:\/\/www.pedulianak.org\/id\/","name":"Peduli Anak Foundation","description":"","publisher":{"@id":"https:\/\/www.pedulianak.org\/id\/#organization"},"potentialAction":[{"@type":"SearchAction","target":{"@type":"EntryPoint","urlTemplate":"https:\/\/www.pedulianak.org\/id\/?s={search_term_string}"},"query-input":{"@type":"PropertyValueSpecification","valueRequired":true,"valueName":"search_term_string"}}],"inLanguage":"fr-FR"},{"@type":"Organization","@id":"https:\/\/www.pedulianak.org\/id\/#organization","name":"Yayasan Peduli Anak","url":"https:\/\/www.pedulianak.org\/id\/","logo":{"@type":"ImageObject","inLanguage":"fr-FR","@id":"https:\/\/www.pedulianak.org\/id\/#\/schema\/logo\/image\/","url":"https:\/\/www.pedulianak.org\/wp-content\/uploads\/2019\/04\/logo.png","contentUrl":"https:\/\/www.pedulianak.org\/wp-content\/uploads\/2019\/04\/logo.png","width":385,"height":110,"caption":"Yayasan Peduli Anak"},"image":{"@id":"https:\/\/www.pedulianak.org\/id\/#\/schema\/logo\/image\/"}}]}},"_links":{"self":[{"href":"https:\/\/www.pedulianak.org\/fr\/wp-json\/wp\/v2\/pages\/27","targetHints":{"allow":["GET"]}}],"collection":[{"href":"https:\/\/www.pedulianak.org\/fr\/wp-json\/wp\/v2\/pages"}],"about":[{"href":"https:\/\/www.pedulianak.org\/fr\/wp-json\/wp\/v2\/types\/page"}],"author":[{"embeddable":true,"href":"https:\/\/www.pedulianak.org\/fr\/wp-json\/wp\/v2\/users\/1"}],"replies":[{"embeddable":true,"href":"https:\/\/www.pedulianak.org\/fr\/wp-json\/wp\/v2\/comments?post=27"}],"version-history":[{"count":2,"href":"https:\/\/www.pedulianak.org\/fr\/wp-json\/wp\/v2\/pages\/27\/revisions"}],"predecessor-version":[{"id":106498,"href":"https:\/\/www.pedulianak.org\/fr\/wp-json\/wp\/v2\/pages\/27\/revisions\/106498"}],"wp:attachment":[{"href":"https:\/\/www.pedulianak.org\/fr\/wp-json\/wp\/v2\/media?parent=27"}],"curies":[{"name":"wp","href":"https:\/\/api.w.org\/{rel}","templated":true}]}}