{"id":25,"date":"2017-06-19T21:10:30","date_gmt":"2017-06-19T20:10:30","guid":{"rendered":"http:\/\/pedulianak.wiz-lab.com\/?page_id=25"},"modified":"2025-08-26T05:10:22","modified_gmt":"2025-08-26T03:10:22","slug":"legal-structure","status":"publish","type":"page","link":"https:\/\/www.pedulianak.org\/fr\/legal-structure\/","title":{"rendered":"Structure Juridique"},"content":{"rendered":"<p><strong>\u00c0 propos de la Fondation Peduli Anak<\/strong><\/p>\n<p>La Fondation Peduli Anak est une organisation \u00e0 but non lucratif bas\u00e9e \u00e0 Lombok et \u00e0 Sumbawa, en Indon\u00e9sie. Nous nous consacrons \u00e0 offrir un soutien complet \u2014 comprenant un accueil familial, l\u2019\u00e9ducation, des services familiaux \u00e0 domicile, une aide m\u00e9dicale et une assistance juridique \u2014 \u00e0 des milliers d\u2019enfants d\u00e9favoris\u00e9s, n\u00e9glig\u00e9s et maltrait\u00e9s. Ces enfants nous sont confi\u00e9s par les services sociaux de l\u2019enfance indon\u00e9siens.<\/p>\n<p><strong>Structure organisationnelle et financement<\/strong><\/p>\n<p>La Fondation fonctionne \u00e0 travers trois entit\u00e9s distinctes afin de faciliter la collecte de fonds. Tous les dons sont directement affect\u00e9s au soutien des d\u00e9penses op\u00e9rationnelles et d\u2019investissement de la Yayasan Peduli Anak (\u00e9galement connue sous le nom de LKSA Peduli Anak) en Indon\u00e9sie.<\/p>\n<p><strong> Legal Structure &amp; Licenses<\/strong><\/p>\n<ul>\n<li><strong>Stichting Peduli Anak, The Netherlands<\/strong>\n<ul>\n<li style=\"list-style-type: none;\">\n<ul>\n<li>Founded: January 9, 2006<\/li>\n<li>ANBI Status: Approved &#8211; Tax-Deductible<\/li>\n<li>RSIN: 816851554 (<a href=\"https:\/\/www.belastingdienst.nl\/wps\/wcm\/connect\/nl\/aftrek-en-kortingen\/content\/anbi-status-controleren\" target=\"_blank\" rel=\"noopener noreferrer\">Verify ANBI Status<\/a>)<\/li>\n<li>KVK: 17185803 (<a href=\"https:\/\/www.kvk.nl\/zoeken\/\" target=\"_blank\" rel=\"noopener noreferrer\">Verify KVK<\/a>)<\/li>\n<\/ul>\n<\/li>\n<\/ul>\n<\/li>\n<li><strong>Peduli Anak Foundation, USA<\/strong>\n<ul>\n<li style=\"list-style-type: none;\">\n<ul>\n<li>Founded: August 8, 2018<\/li>\n<li>Status: 501(c)(3) Non-Profit, Tax-Deductible in the US<\/li>\n<li>Tax-Exempt: Granted September 2019<\/li>\n<li>EIN: 83-1640656 (<a href=\"https:\/\/apps.irs.gov\/app\/eos\/\" target=\"_blank\" rel=\"noopener noreferrer\">IRS Check<\/a>)<\/li>\n<\/ul>\n<\/li>\n<\/ul>\n<\/li>\n<li><strong>Yayasan Peduli Anak (LKSA Peduli Anak), Indonesia<\/strong>\n<ul>\n<li>Founded: February 4, 2006<\/li>\n<li>Licenses:\n<ul>\n<li style=\"list-style-type: none;\">\n<ul>\n<li>Licence op\u00e9rationnelle du Minist\u00e8re des Affaires sociales pour la fondation &#8211; No. 220\/III.1\/2021<\/li>\n<li>Licence op\u00e9rationnelle du Minist\u00e8re des Affaires sociales pour l\u2019institution de protection sociale de l\u2019enfance &#8211; No. 467\/446\/LKS\/Dinsos-LB\/2023<\/li>\n<li>Licence du Minist\u00e8re de l\u2019\u00c9ducation pour le coll\u00e8ge &#8211; No: 420\/011\/SEK-DIKBUD\/DPM-PTSP-LB\/X\/2023<\/li>\n<li>Licence du Minist\u00e8re de l\u2019\u00c9ducation pour l\u2019\u00e9cole primaire &#8211; No. 420\/005\/SEK-DIKBUD\/DPMPTSP-LB\/VIII\/2023<\/li>\n<li>Licence du Minist\u00e8re du Droit et des Droits de l\u2019Homme &#8211; No. AHU-0000840.AH.01.05.TAHUN 2023<\/li>\n<\/ul>\n<\/li>\n<\/ul>\n<p>&nbsp;<\/li>\n<\/ul>\n<\/li>\n<\/ul>\n<p><strong>Accr\u00e9ditations et Reconnaissances<\/strong><\/p>\n<ul>\n<li>Excellent (A) par le Minist\u00e8re des Affaires sociales &#8211; No. 1537.SA-LKS.A\/2021<\/li>\n<li>Excellent (A) par le Conseil national d\u2019accr\u00e9ditation des \u00e9coles pour le coll\u00e8ge- No. 1334\/BAN-SM\/SK\/2020<\/li>\n<li>Excellent (A) by par le Conseil national d\u2019accr\u00e9ditation des \u00e9coles pour l\u2019\u00e9cole primaire &#8211; No. 1453\/BAN-SM\/SK\/2022<\/li>\n<li>Certificat de reconnaissance de la Commission de protection de l\u2019enfance 2022<\/li>\n<li>Metro TV Kick Andy Heroes Award 2021<\/li>\n<li>Youtube Creator Award 100.000 Subscribers<\/li>\n<\/ul>\n<p>La Yayasan Peduli Anak se conforme \u00e0 l\u2019ensemble des l\u00e9gislations nationales et internationales, y compris aux lois sur la protection de l\u2019enfance, garantissant une prise en charge compl\u00e8te et le respect des obligations l\u00e9gales.<\/p>","protected":false},"excerpt":{"rendered":"<p>\u00c0 propos de la Fondation Peduli Anak La Fondation Peduli Anak est une organisation \u00e0 but non lucratif bas\u00e9e \u00e0 Lombok et \u00e0 Sumbawa, en Indon\u00e9sie. Nous nous consacrons \u00e0 offrir un soutien complet \u2014 comprenant un accueil familial, l\u2019\u00e9ducation, des services familiaux \u00e0 domicile, une aide m\u00e9dicale et une assistance juridique \u2014 \u00e0 des [&hellip;]<\/p>\n","protected":false},"author":1,"featured_media":0,"parent":0,"menu_order":0,"comment_status":"closed","ping_status":"closed","template":"template-founders.php","meta":{"footnotes":""},"class_list":["post-25","page","type-page","status-publish","hentry"],"yoast_head":"<!-- This site is optimized with the Yoast SEO plugin v23.9 - https:\/\/yoast.com\/wordpress\/plugins\/seo\/ -->\n<title>Structure Juridique<\/title>\n<meta name=\"robots\" content=\"index, follow, max-snippet:-1, max-image-preview:large, max-video-preview:-1\" \/>\n<link rel=\"canonical\" href=\"https:\/\/www.pedulianak.org\/legal-structure\/\" \/>\n<meta property=\"og:locale\" content=\"fr_FR\" \/>\n<meta property=\"og:type\" content=\"article\" \/>\n<meta property=\"og:title\" content=\"[:en]Legal Structure[:id]Struktur Hukum[:fr]Structure Juridique[:]\" \/>\n<meta property=\"og:description\" content=\"\u00c0 propos de la Fondation Peduli Anak La Fondation Peduli Anak est une organisation \u00e0 but non lucratif bas\u00e9e \u00e0 Lombok et \u00e0 Sumbawa, en Indon\u00e9sie. Nous nous consacrons \u00e0 offrir un soutien complet \u2014 comprenant un accueil familial, l\u2019\u00e9ducation, des services familiaux \u00e0 domicile, une aide m\u00e9dicale et une assistance juridique \u2014 \u00e0 des [&hellip;]\" \/>\n<meta property=\"og:url\" content=\"https:\/\/www.pedulianak.org\/legal-structure\/\" \/>\n<meta property=\"og:site_name\" content=\"Peduli Anak Foundation\" \/>\n<meta property=\"article:modified_time\" content=\"2025-08-26T03:10:22+00:00\" \/>\n<meta name=\"twitter:card\" content=\"summary_large_image\" \/>\n<meta name=\"twitter:label1\" content=\"Dur\u00e9e de lecture estim\u00e9e\" \/>\n\t<meta name=\"twitter:data1\" content=\"3 minutes\" \/>\n<script type=\"application\/ld+json\" class=\"yoast-schema-graph\">{\"@context\":\"https:\/\/schema.org\",\"@graph\":[{\"@type\":\"WebPage\",\"@id\":\"https:\/\/www.pedulianak.org\/legal-structure\/\",\"url\":\"https:\/\/www.pedulianak.org\/legal-structure\/\",\"name\":\"[:en]Legal Structure[:id]Struktur Hukum[:fr]Structure Juridique[:]\",\"isPartOf\":{\"@id\":\"https:\/\/www.pedulianak.org\/id\/#website\"},\"datePublished\":\"2017-06-19T20:10:30+00:00\",\"dateModified\":\"2025-08-26T03:10:22+00:00\",\"breadcrumb\":{\"@id\":\"https:\/\/www.pedulianak.org\/legal-structure\/#breadcrumb\"},\"inLanguage\":\"fr-FR\",\"potentialAction\":[{\"@type\":\"ReadAction\",\"target\":[\"https:\/\/www.pedulianak.org\/legal-structure\/\"]}]},{\"@type\":\"BreadcrumbList\",\"@id\":\"https:\/\/www.pedulianak.org\/legal-structure\/#breadcrumb\",\"itemListElement\":[{\"@type\":\"ListItem\",\"position\":1,\"name\":\"Home\",\"item\":\"https:\/\/www.pedulianak.org\/\"},{\"@type\":\"ListItem\",\"position\":2,\"name\":\"Legal Structure\"}]},{\"@type\":\"WebSite\",\"@id\":\"https:\/\/www.pedulianak.org\/id\/#website\",\"url\":\"https:\/\/www.pedulianak.org\/id\/\",\"name\":\"Peduli Anak Foundation\",\"description\":\"\",\"publisher\":{\"@id\":\"https:\/\/www.pedulianak.org\/id\/#organization\"},\"potentialAction\":[{\"@type\":\"SearchAction\",\"target\":{\"@type\":\"EntryPoint\",\"urlTemplate\":\"https:\/\/www.pedulianak.org\/id\/?s={search_term_string}\"},\"query-input\":{\"@type\":\"PropertyValueSpecification\",\"valueRequired\":true,\"valueName\":\"search_term_string\"}}],\"inLanguage\":\"fr-FR\"},{\"@type\":\"Organization\",\"@id\":\"https:\/\/www.pedulianak.org\/id\/#organization\",\"name\":\"Yayasan Peduli Anak\",\"url\":\"https:\/\/www.pedulianak.org\/id\/\",\"logo\":{\"@type\":\"ImageObject\",\"inLanguage\":\"fr-FR\",\"@id\":\"https:\/\/www.pedulianak.org\/id\/#\/schema\/logo\/image\/\",\"url\":\"https:\/\/www.pedulianak.org\/wp-content\/uploads\/2019\/04\/logo.png\",\"contentUrl\":\"https:\/\/www.pedulianak.org\/wp-content\/uploads\/2019\/04\/logo.png\",\"width\":385,\"height\":110,\"caption\":\"Yayasan Peduli Anak\"},\"image\":{\"@id\":\"https:\/\/www.pedulianak.org\/id\/#\/schema\/logo\/image\/\"}}]}<\/script>\n<!-- \/ Yoast SEO plugin. -->","yoast_head_json":{"title":"[:en]Legal Structure[:id]Struktur Hukum[:fr]Structure Juridique[:]","robots":{"index":"index","follow":"follow","max-snippet":"max-snippet:-1","max-image-preview":"max-image-preview:large","max-video-preview":"max-video-preview:-1"},"canonical":"https:\/\/www.pedulianak.org\/legal-structure\/","og_locale":"fr_FR","og_type":"article","og_title":"[:en]Legal Structure[:id]Struktur Hukum[:fr]Structure Juridique[:]","og_description":"\u00c0 propos de la Fondation Peduli Anak La Fondation Peduli Anak est une organisation \u00e0 but non lucratif bas\u00e9e \u00e0 Lombok et \u00e0 Sumbawa, en Indon\u00e9sie. Nous nous consacrons \u00e0 offrir un soutien complet \u2014 comprenant un accueil familial, l\u2019\u00e9ducation, des services familiaux \u00e0 domicile, une aide m\u00e9dicale et une assistance juridique \u2014 \u00e0 des [&hellip;]","og_url":"https:\/\/www.pedulianak.org\/legal-structure\/","og_site_name":"Peduli Anak Foundation","article_modified_time":"2025-08-26T03:10:22+00:00","twitter_card":"summary_large_image","twitter_misc":{"Dur\u00e9e de lecture estim\u00e9e":"3 minutes"},"schema":{"@context":"https:\/\/schema.org","@graph":[{"@type":"WebPage","@id":"https:\/\/www.pedulianak.org\/legal-structure\/","url":"https:\/\/www.pedulianak.org\/legal-structure\/","name":"[:en]Legal Structure[:id]Struktur Hukum[:fr]Structure Juridique[:]","isPartOf":{"@id":"https:\/\/www.pedulianak.org\/id\/#website"},"datePublished":"2017-06-19T20:10:30+00:00","dateModified":"2025-08-26T03:10:22+00:00","breadcrumb":{"@id":"https:\/\/www.pedulianak.org\/legal-structure\/#breadcrumb"},"inLanguage":"fr-FR","potentialAction":[{"@type":"ReadAction","target":["https:\/\/www.pedulianak.org\/legal-structure\/"]}]},{"@type":"BreadcrumbList","@id":"https:\/\/www.pedulianak.org\/legal-structure\/#breadcrumb","itemListElement":[{"@type":"ListItem","position":1,"name":"Home","item":"https:\/\/www.pedulianak.org\/"},{"@type":"ListItem","position":2,"name":"Legal Structure"}]},{"@type":"WebSite","@id":"https:\/\/www.pedulianak.org\/id\/#website","url":"https:\/\/www.pedulianak.org\/id\/","name":"Peduli Anak Foundation","description":"","publisher":{"@id":"https:\/\/www.pedulianak.org\/id\/#organization"},"potentialAction":[{"@type":"SearchAction","target":{"@type":"EntryPoint","urlTemplate":"https:\/\/www.pedulianak.org\/id\/?s={search_term_string}"},"query-input":{"@type":"PropertyValueSpecification","valueRequired":true,"valueName":"search_term_string"}}],"inLanguage":"fr-FR"},{"@type":"Organization","@id":"https:\/\/www.pedulianak.org\/id\/#organization","name":"Yayasan Peduli Anak","url":"https:\/\/www.pedulianak.org\/id\/","logo":{"@type":"ImageObject","inLanguage":"fr-FR","@id":"https:\/\/www.pedulianak.org\/id\/#\/schema\/logo\/image\/","url":"https:\/\/www.pedulianak.org\/wp-content\/uploads\/2019\/04\/logo.png","contentUrl":"https:\/\/www.pedulianak.org\/wp-content\/uploads\/2019\/04\/logo.png","width":385,"height":110,"caption":"Yayasan Peduli Anak"},"image":{"@id":"https:\/\/www.pedulianak.org\/id\/#\/schema\/logo\/image\/"}}]}},"_links":{"self":[{"href":"https:\/\/www.pedulianak.org\/fr\/wp-json\/wp\/v2\/pages\/25","targetHints":{"allow":["GET"]}}],"collection":[{"href":"https:\/\/www.pedulianak.org\/fr\/wp-json\/wp\/v2\/pages"}],"about":[{"href":"https:\/\/www.pedulianak.org\/fr\/wp-json\/wp\/v2\/types\/page"}],"author":[{"embeddable":true,"href":"https:\/\/www.pedulianak.org\/fr\/wp-json\/wp\/v2\/users\/1"}],"replies":[{"embeddable":true,"href":"https:\/\/www.pedulianak.org\/fr\/wp-json\/wp\/v2\/comments?post=25"}],"version-history":[{"count":2,"href":"https:\/\/www.pedulianak.org\/fr\/wp-json\/wp\/v2\/pages\/25\/revisions"}],"predecessor-version":[{"id":106499,"href":"https:\/\/www.pedulianak.org\/fr\/wp-json\/wp\/v2\/pages\/25\/revisions\/106499"}],"wp:attachment":[{"href":"https:\/\/www.pedulianak.org\/fr\/wp-json\/wp\/v2\/media?parent=25"}],"curies":[{"name":"wp","href":"https:\/\/api.w.org\/{rel}","templated":true}]}}