{"id":23,"date":"2017-06-19T21:09:43","date_gmt":"2017-06-19T20:09:43","guid":{"rendered":"http:\/\/pedulianak.wiz-lab.com\/?page_id=23"},"modified":"2025-08-27T08:35:06","modified_gmt":"2025-08-27T06:35:06","slug":"our-mission-vision","status":"publish","type":"page","link":"https:\/\/www.pedulianak.org\/fr\/our-mission-vision\/","title":{"rendered":"Notre Mission et Vision"},"content":{"rendered":"<p><\/p>\n<h2>Notre Mission &amp; Vision<\/h2>\n<p>La mission de la Fondation Peduli Anak est de d\u00e9fendre les droits des enfants d\u00e9favoris\u00e9s en leur offrant un h\u00e9bergement, une \u00e9ducation, un soutien m\u00e9dical, un plaidoyer et un accompagnement familial.<\/p>\n<blockquote><p>Notre vision est \u201cChaque enfant dans le monde m\u00e9rite la chance de vivre une vie heureuse et en bonne sant\u00e9, \u00e0 l\u2019abri de la pauvret\u00e9, de l\u2019exploitation et de la violence.\u00a0\u00bb<\/p><\/blockquote>\n<p><\/p>","protected":false},"excerpt":{"rendered":"<p>Notre Mission &amp; Vision La mission de la Fondation Peduli Anak est de d\u00e9fendre les droits des enfants d\u00e9favoris\u00e9s en leur offrant un h\u00e9bergement, une \u00e9ducation, un soutien m\u00e9dical, un plaidoyer et un accompagnement familial. Notre vision est \u201cChaque enfant dans le monde m\u00e9rite la chance de vivre une vie heureuse et en bonne sant\u00e9, [&hellip;]<\/p>\n","protected":false},"author":1,"featured_media":0,"parent":0,"menu_order":0,"comment_status":"closed","ping_status":"closed","template":"template-simple-page.php","meta":{"footnotes":""},"class_list":["post-23","page","type-page","status-publish","hentry"],"yoast_head":"<!-- This site is optimized with the Yoast SEO plugin v23.9 - https:\/\/yoast.com\/wordpress\/plugins\/seo\/ -->\n<title>Notre Mission et Vision<\/title>\n<meta name=\"robots\" content=\"index, follow, max-snippet:-1, max-image-preview:large, max-video-preview:-1\" \/>\n<link rel=\"canonical\" href=\"https:\/\/www.pedulianak.org\/our-mission-vision\/\" \/>\n<meta property=\"og:locale\" content=\"fr_FR\" \/>\n<meta property=\"og:type\" content=\"article\" \/>\n<meta property=\"og:title\" content=\"[:en]Our Mission &amp; Vision[:id]Visi &amp; Misi Kami[:fr]Notre Mission et Vision[:]\" \/>\n<meta property=\"og:description\" content=\"Notre Mission &amp; Vision La mission de la Fondation Peduli Anak est de d\u00e9fendre les droits des enfants d\u00e9favoris\u00e9s en leur offrant un h\u00e9bergement, une \u00e9ducation, un soutien m\u00e9dical, un plaidoyer et un accompagnement familial. Notre vision est \u201cChaque enfant dans le monde m\u00e9rite la chance de vivre une vie heureuse et en bonne sant\u00e9, [&hellip;]\" \/>\n<meta property=\"og:url\" content=\"https:\/\/www.pedulianak.org\/our-mission-vision\/\" \/>\n<meta property=\"og:site_name\" content=\"Peduli Anak Foundation\" \/>\n<meta property=\"article:modified_time\" content=\"2025-08-27T06:35:06+00:00\" \/>\n<meta name=\"twitter:card\" content=\"summary_large_image\" \/>\n<meta name=\"twitter:label1\" content=\"Dur\u00e9e de lecture estim\u00e9e\" \/>\n\t<meta name=\"twitter:data1\" content=\"1 minute\" \/>\n<script type=\"application\/ld+json\" class=\"yoast-schema-graph\">{\"@context\":\"https:\/\/schema.org\",\"@graph\":[{\"@type\":\"WebPage\",\"@id\":\"https:\/\/www.pedulianak.org\/our-mission-vision\/\",\"url\":\"https:\/\/www.pedulianak.org\/our-mission-vision\/\",\"name\":\"[:en]Our Mission & Vision[:id]Visi & Misi Kami[:fr]Notre Mission et Vision[:]\",\"isPartOf\":{\"@id\":\"https:\/\/www.pedulianak.org\/id\/#website\"},\"datePublished\":\"2017-06-19T20:09:43+00:00\",\"dateModified\":\"2025-08-27T06:35:06+00:00\",\"breadcrumb\":{\"@id\":\"https:\/\/www.pedulianak.org\/our-mission-vision\/#breadcrumb\"},\"inLanguage\":\"fr-FR\",\"potentialAction\":[{\"@type\":\"ReadAction\",\"target\":[\"https:\/\/www.pedulianak.org\/our-mission-vision\/\"]}]},{\"@type\":\"BreadcrumbList\",\"@id\":\"https:\/\/www.pedulianak.org\/our-mission-vision\/#breadcrumb\",\"itemListElement\":[{\"@type\":\"ListItem\",\"position\":1,\"name\":\"Home\",\"item\":\"https:\/\/www.pedulianak.org\/\"},{\"@type\":\"ListItem\",\"position\":2,\"name\":\"Our Mission &#038; Vision\"}]},{\"@type\":\"WebSite\",\"@id\":\"https:\/\/www.pedulianak.org\/id\/#website\",\"url\":\"https:\/\/www.pedulianak.org\/id\/\",\"name\":\"Peduli Anak Foundation\",\"description\":\"\",\"publisher\":{\"@id\":\"https:\/\/www.pedulianak.org\/id\/#organization\"},\"potentialAction\":[{\"@type\":\"SearchAction\",\"target\":{\"@type\":\"EntryPoint\",\"urlTemplate\":\"https:\/\/www.pedulianak.org\/id\/?s={search_term_string}\"},\"query-input\":{\"@type\":\"PropertyValueSpecification\",\"valueRequired\":true,\"valueName\":\"search_term_string\"}}],\"inLanguage\":\"fr-FR\"},{\"@type\":\"Organization\",\"@id\":\"https:\/\/www.pedulianak.org\/id\/#organization\",\"name\":\"Yayasan Peduli Anak\",\"url\":\"https:\/\/www.pedulianak.org\/id\/\",\"logo\":{\"@type\":\"ImageObject\",\"inLanguage\":\"fr-FR\",\"@id\":\"https:\/\/www.pedulianak.org\/id\/#\/schema\/logo\/image\/\",\"url\":\"https:\/\/www.pedulianak.org\/wp-content\/uploads\/2019\/04\/logo.png\",\"contentUrl\":\"https:\/\/www.pedulianak.org\/wp-content\/uploads\/2019\/04\/logo.png\",\"width\":385,\"height\":110,\"caption\":\"Yayasan Peduli Anak\"},\"image\":{\"@id\":\"https:\/\/www.pedulianak.org\/id\/#\/schema\/logo\/image\/\"}}]}<\/script>\n<!-- \/ Yoast SEO plugin. -->","yoast_head_json":{"title":"[:en]Our Mission & Vision[:id]Visi & Misi Kami[:fr]Notre Mission et Vision[:]","robots":{"index":"index","follow":"follow","max-snippet":"max-snippet:-1","max-image-preview":"max-image-preview:large","max-video-preview":"max-video-preview:-1"},"canonical":"https:\/\/www.pedulianak.org\/our-mission-vision\/","og_locale":"fr_FR","og_type":"article","og_title":"[:en]Our Mission & Vision[:id]Visi & Misi Kami[:fr]Notre Mission et Vision[:]","og_description":"Notre Mission &amp; Vision La mission de la Fondation Peduli Anak est de d\u00e9fendre les droits des enfants d\u00e9favoris\u00e9s en leur offrant un h\u00e9bergement, une \u00e9ducation, un soutien m\u00e9dical, un plaidoyer et un accompagnement familial. Notre vision est \u201cChaque enfant dans le monde m\u00e9rite la chance de vivre une vie heureuse et en bonne sant\u00e9, [&hellip;]","og_url":"https:\/\/www.pedulianak.org\/our-mission-vision\/","og_site_name":"Peduli Anak Foundation","article_modified_time":"2025-08-27T06:35:06+00:00","twitter_card":"summary_large_image","twitter_misc":{"Dur\u00e9e de lecture estim\u00e9e":"1 minute"},"schema":{"@context":"https:\/\/schema.org","@graph":[{"@type":"WebPage","@id":"https:\/\/www.pedulianak.org\/our-mission-vision\/","url":"https:\/\/www.pedulianak.org\/our-mission-vision\/","name":"[:en]Our Mission & Vision[:id]Visi & Misi Kami[:fr]Notre Mission et Vision[:]","isPartOf":{"@id":"https:\/\/www.pedulianak.org\/id\/#website"},"datePublished":"2017-06-19T20:09:43+00:00","dateModified":"2025-08-27T06:35:06+00:00","breadcrumb":{"@id":"https:\/\/www.pedulianak.org\/our-mission-vision\/#breadcrumb"},"inLanguage":"fr-FR","potentialAction":[{"@type":"ReadAction","target":["https:\/\/www.pedulianak.org\/our-mission-vision\/"]}]},{"@type":"BreadcrumbList","@id":"https:\/\/www.pedulianak.org\/our-mission-vision\/#breadcrumb","itemListElement":[{"@type":"ListItem","position":1,"name":"Home","item":"https:\/\/www.pedulianak.org\/"},{"@type":"ListItem","position":2,"name":"Our Mission &#038; Vision"}]},{"@type":"WebSite","@id":"https:\/\/www.pedulianak.org\/id\/#website","url":"https:\/\/www.pedulianak.org\/id\/","name":"Peduli Anak Foundation","description":"","publisher":{"@id":"https:\/\/www.pedulianak.org\/id\/#organization"},"potentialAction":[{"@type":"SearchAction","target":{"@type":"EntryPoint","urlTemplate":"https:\/\/www.pedulianak.org\/id\/?s={search_term_string}"},"query-input":{"@type":"PropertyValueSpecification","valueRequired":true,"valueName":"search_term_string"}}],"inLanguage":"fr-FR"},{"@type":"Organization","@id":"https:\/\/www.pedulianak.org\/id\/#organization","name":"Yayasan Peduli Anak","url":"https:\/\/www.pedulianak.org\/id\/","logo":{"@type":"ImageObject","inLanguage":"fr-FR","@id":"https:\/\/www.pedulianak.org\/id\/#\/schema\/logo\/image\/","url":"https:\/\/www.pedulianak.org\/wp-content\/uploads\/2019\/04\/logo.png","contentUrl":"https:\/\/www.pedulianak.org\/wp-content\/uploads\/2019\/04\/logo.png","width":385,"height":110,"caption":"Yayasan Peduli Anak"},"image":{"@id":"https:\/\/www.pedulianak.org\/id\/#\/schema\/logo\/image\/"}}]}},"_links":{"self":[{"href":"https:\/\/www.pedulianak.org\/fr\/wp-json\/wp\/v2\/pages\/23","targetHints":{"allow":["GET"]}}],"collection":[{"href":"https:\/\/www.pedulianak.org\/fr\/wp-json\/wp\/v2\/pages"}],"about":[{"href":"https:\/\/www.pedulianak.org\/fr\/wp-json\/wp\/v2\/types\/page"}],"author":[{"embeddable":true,"href":"https:\/\/www.pedulianak.org\/fr\/wp-json\/wp\/v2\/users\/1"}],"replies":[{"embeddable":true,"href":"https:\/\/www.pedulianak.org\/fr\/wp-json\/wp\/v2\/comments?post=23"}],"version-history":[{"count":1,"href":"https:\/\/www.pedulianak.org\/fr\/wp-json\/wp\/v2\/pages\/23\/revisions"}],"predecessor-version":[{"id":106536,"href":"https:\/\/www.pedulianak.org\/fr\/wp-json\/wp\/v2\/pages\/23\/revisions\/106536"}],"wp:attachment":[{"href":"https:\/\/www.pedulianak.org\/fr\/wp-json\/wp\/v2\/media?parent=23"}],"curies":[{"name":"wp","href":"https:\/\/api.w.org\/{rel}","templated":true}]}}